{"id":8876,"date":"2023-06-23T16:36:55","date_gmt":"2023-06-23T14:36:55","guid":{"rendered":"https:\/\/www.thecutbarcelona.com\/?page_id=8876"},"modified":"2025-11-23T04:34:27","modified_gmt":"2025-11-23T03:34:27","slug":"perche-the-cut","status":"publish","type":"page","link":"https:\/\/www.thecutbarcelona.com\/it\/por-que-the-cut\/","title":{"rendered":"PERCH\u00c9 THE CUT?"},"content":{"rendered":"<div data-elementor-type=\"wp-page\" data-elementor-id=\"8876\" class=\"elementor elementor-8876\" data-elementor-post-type=\"page\">\n\t\t\t\t\t\t<section class=\"elementor-section elementor-top-section elementor-element elementor-element-34f86ed elementor-section-boxed elementor-section-height-default elementor-section-height-default\" data-id=\"34f86ed\" data-element_type=\"section\" data-e-type=\"section\">\n\t\t\t\t\t\t<div class=\"elementor-container elementor-column-gap-default\">\n\t\t\t\t\t<div class=\"elementor-column elementor-col-50 elementor-top-column elementor-element elementor-element-858ceca\" data-id=\"858ceca\" data-element_type=\"column\" data-e-type=\"column\">\n\t\t\t<div class=\"elementor-widget-wrap elementor-element-populated\">\n\t\t\t\t\t\t<div class=\"elementor-element elementor-element-a622f39 elementor-widget elementor-widget-heading\" data-id=\"a622f39\" data-element_type=\"widget\" data-e-type=\"widget\" data-widget_type=\"heading.default\">\n\t\t\t\t<div class=\"elementor-widget-container\">\n\t\t\t\t\t<h1 class=\"elementor-heading-title elementor-size-default\">Perch\u00e9 scegliere The Cut Barcelona?<\/h1>\t\t\t\t<\/div>\n\t\t\t\t<\/div>\n\t\t\t\t<div class=\"elementor-element elementor-element-986d1d1 elementor-widget elementor-widget-text-editor\" data-id=\"986d1d1\" data-element_type=\"widget\" data-e-type=\"widget\" data-widget_type=\"text-editor.default\">\n\t\t\t\t<div class=\"elementor-widget-container\">\n\t\t\t\t\t\t\t\t\t<p>Situato nel cuore di Barcellona, nel dinamico quartiere di <b>Sant Antoni<\/b>, <i>Il taglio di Barcellona<\/i> \u00e8 molto di pi\u00f9 di un semplice club della cannabis: \u00e8 un <b>spazio sociale sicuro, rilassato e conviviale<\/b>progettato per chi vuole staccare la spina dal ritmo frenetico della citt\u00e0.<\/p><p>Siamo nati con lo scopo di offrire un <b>associazione per la cannabis legale a Barcellona<\/b>dove \u00e8 possibile consumare la cannabis in modo responsabile, in un ambiente accogliente e moderno, circondato da comunit\u00e0, arte e cultura urbana.<\/p>\t\t\t\t\t\t\t\t<\/div>\n\t\t\t\t<\/div>\n\t\t\t\t\t<\/div>\n\t\t<\/div>\n\t\t\t\t<div class=\"elementor-column elementor-col-50 elementor-top-column elementor-element elementor-element-36d3c37\" data-id=\"36d3c37\" data-element_type=\"column\" data-e-type=\"column\">\n\t\t\t<div class=\"elementor-widget-wrap elementor-element-populated\">\n\t\t\t\t\t\t<div class=\"elementor-element elementor-element-c80baf9 elementor-widget elementor-widget-image\" data-id=\"c80baf9\" data-element_type=\"widget\" data-e-type=\"widget\" data-widget_type=\"image.default\">\n\t\t\t\t<div class=\"elementor-widget-container\">\n\t\t\t\t\t\t\t\t\t\t\t\t\t\t\t<img fetchpriority=\"high\" decoding=\"async\" width=\"512\" height=\"512\" src=\"https:\/\/www.thecutbarcelona.com\/wp-content\/uploads\/cropped-LOCO-CUT.png\" class=\"attachment-large size-large wp-image-129\" alt=\"Logo Cropped The CUT Barcelona\" srcset=\"https:\/\/www.thecutbarcelona.com\/wp-content\/uploads\/cropped-LOCO-CUT.png 512w, https:\/\/www.thecutbarcelona.com\/wp-content\/uploads\/cropped-LOCO-CUT-300x300.png 300w, https:\/\/www.thecutbarcelona.com\/wp-content\/uploads\/cropped-LOCO-CUT-150x150.png 150w, https:\/\/www.thecutbarcelona.com\/wp-content\/uploads\/cropped-LOCO-CUT-480x480.png 480w, https:\/\/www.thecutbarcelona.com\/wp-content\/uploads\/cropped-LOCO-CUT-270x270.png 270w, https:\/\/www.thecutbarcelona.com\/wp-content\/uploads\/cropped-LOCO-CUT-192x192.png 192w, https:\/\/www.thecutbarcelona.com\/wp-content\/uploads\/cropped-LOCO-CUT-180x180.png 180w, https:\/\/www.thecutbarcelona.com\/wp-content\/uploads\/cropped-LOCO-CUT-32x32.png 32w\" sizes=\"(max-width: 512px) 100vw, 512px\" \/>\t\t\t\t\t\t\t\t\t\t\t\t\t\t\t<\/div>\n\t\t\t\t<\/div>\n\t\t\t\t\t<\/div>\n\t\t<\/div>\n\t\t\t\t\t<\/div>\n\t\t<\/section>\n\t\t\t\t<section class=\"elementor-section elementor-top-section elementor-element elementor-element-a879d29 elementor-section-full_width elementor-section-stretched elementor-section-height-default elementor-section-height-default\" data-id=\"a879d29\" data-element_type=\"section\" data-e-type=\"section\" data-settings=\"{&quot;stretch_section&quot;:&quot;section-stretched&quot;}\">\n\t\t\t\t\t\t<div class=\"elementor-container elementor-column-gap-default\">\n\t\t\t\t\t<div class=\"elementor-column elementor-col-50 elementor-top-column elementor-element elementor-element-cc04e7f\" data-id=\"cc04e7f\" data-element_type=\"column\" data-e-type=\"column\">\n\t\t\t<div class=\"elementor-widget-wrap elementor-element-populated\">\n\t\t\t\t\t\t<div class=\"elementor-element elementor-element-5188db6 elementor-widget elementor-widget-image\" data-id=\"5188db6\" data-element_type=\"widget\" data-e-type=\"widget\" data-widget_type=\"image.default\">\n\t\t\t\t<div class=\"elementor-widget-container\">\n\t\t\t\t\t\t\t\t\t\t\t\t\t\t\t<img decoding=\"async\" width=\"800\" height=\"534\" src=\"https:\/\/www.thecutbarcelona.com\/wp-content\/uploads\/best-weed-club-in-barcelona-1024x683.jpg\" class=\"attachment-large size-large wp-image-19975\" alt=\"\" srcset=\"https:\/\/www.thecutbarcelona.com\/wp-content\/uploads\/best-weed-club-in-barcelona-1024x683.jpg 1024w, https:\/\/www.thecutbarcelona.com\/wp-content\/uploads\/best-weed-club-in-barcelona-300x200.jpg 300w, https:\/\/www.thecutbarcelona.com\/wp-content\/uploads\/best-weed-club-in-barcelona-768x512.jpg 768w, https:\/\/www.thecutbarcelona.com\/wp-content\/uploads\/best-weed-club-in-barcelona-18x12.jpg 18w, https:\/\/www.thecutbarcelona.com\/wp-content\/uploads\/best-weed-club-in-barcelona.jpg 1360w\" sizes=\"(max-width: 800px) 100vw, 800px\" \/>\t\t\t\t\t\t\t\t\t\t\t\t\t\t\t<\/div>\n\t\t\t\t<\/div>\n\t\t\t\t\t<\/div>\n\t\t<\/div>\n\t\t\t\t<div class=\"elementor-column elementor-col-50 elementor-top-column elementor-element elementor-element-f7b96e7\" data-id=\"f7b96e7\" data-element_type=\"column\" data-e-type=\"column\">\n\t\t\t<div class=\"elementor-widget-wrap elementor-element-populated\">\n\t\t\t\t\t\t<div class=\"elementor-element elementor-element-360e562 elementor-widget elementor-widget-heading\" data-id=\"360e562\" data-element_type=\"widget\" data-e-type=\"widget\" data-widget_type=\"heading.default\">\n\t\t\t\t<div class=\"elementor-widget-container\">\n\t\t\t\t\t<h2 class=\"elementor-heading-title elementor-size-default\">Un multispazio sicuro e funzionale<\/h2>\t\t\t\t<\/div>\n\t\t\t\t<\/div>\n\t\t\t\t<div class=\"elementor-element elementor-element-8d0e17d elementor-widget elementor-widget-text-editor\" data-id=\"8d0e17d\" data-element_type=\"widget\" data-e-type=\"widget\" data-widget_type=\"text-editor.default\">\n\t\t\t\t<div class=\"elementor-widget-container\">\n\t\t\t\t\t\t\t\t\t<p>A <i>Il taglio di Barcellona<\/i> vi offriamo un <b>club della cannabis moderno e sicuro<\/b>con uno stile unico che fonde design urbano e atmosfera rilassata. Il nostro spazio \u00e8 progettato in modo che possiate <b>rilassarsi, socializzare e gustare cannabis di alta qualit\u00e0<\/b> in un ambiente confortevole e legale.<\/p><p>Abbiamo una gamma completa di strumenti come <b>bong, dab rig, vaporizzatori e pipe<\/b>Il nostro personale qualificato \u00e8 sempre a disposizione per consigliarvi e rispondere a qualsiasi domanda. Inoltre, il nostro team di collaboratori qualificati \u00e8 sempre a disposizione per consigliarvi e rispondere alle vostre domande.<\/p>\t\t\t\t\t\t\t\t<\/div>\n\t\t\t\t<\/div>\n\t\t\t\t\t<\/div>\n\t\t<\/div>\n\t\t\t\t\t<\/div>\n\t\t<\/section>\n\t\t\t\t<section class=\"elementor-section elementor-top-section elementor-element elementor-element-7db3532 elementor-section-height-min-height elementor-section-boxed elementor-section-height-default elementor-section-items-middle\" data-id=\"7db3532\" data-element_type=\"section\" data-e-type=\"section\">\n\t\t\t\t\t\t<div class=\"elementor-container elementor-column-gap-default\">\n\t\t\t\t\t<div class=\"elementor-column elementor-col-50 elementor-top-column elementor-element elementor-element-5fb80df\" data-id=\"5fb80df\" data-element_type=\"column\" data-e-type=\"column\">\n\t\t\t<div class=\"elementor-widget-wrap elementor-element-populated\">\n\t\t\t\t\t\t<div class=\"elementor-element elementor-element-7d577b6 elementor-widget elementor-widget-heading\" data-id=\"7d577b6\" data-element_type=\"widget\" data-e-type=\"widget\" data-widget_type=\"heading.default\">\n\t\t\t\t<div class=\"elementor-widget-container\">\n\t\t\t\t\t<h2 class=\"elementor-heading-title elementor-size-default\">La comunit\u00e0 che ci unisce<\/h2>\t\t\t\t<\/div>\n\t\t\t\t<\/div>\n\t\t\t\t<div class=\"elementor-element elementor-element-6e7357a elementor-widget elementor-widget-text-editor\" data-id=\"6e7357a\" data-element_type=\"widget\" data-e-type=\"widget\" data-widget_type=\"text-editor.default\">\n\t\t\t\t<div class=\"elementor-widget-container\">\n\t\t\t\t\t\t\t\t\t<p>Situato nel cuore di <b>Barcellona<\/b>in una posizione strategica e accessibile, <i>Il taglio di Barcellona<\/i> accoglie una comunit\u00e0 eterogenea e vivace di amanti della cannabis. Il nostro <b>club di cannabis a Sant Antoni<\/b> \u00e8 caratterizzato dalla sua <b>atmosfera sicura, tranquilla e amichevole<\/b>ideale per socializzare, condividere esperienze e connettersi con persone che la pensano allo stesso modo.<\/p><p>Promuoviamo uno spazio inclusivo dove la priorit\u00e0 \u00e8 il rispetto e la buona convivenza, in modo che ogni visita sia un'opportunit\u00e0 per creare legami all'interno di una comunit\u00e0 appassionata di cannabis.<\/p><p>Come <b>club dell'erba<\/b>La nostra priorit\u00e0 sono i nostri soci. Lavoriamo ogni giorno per mantenere una comunit\u00e0 diversificata, affiatata e sana, dove possiate sentirvi a vostro agio e benvenuti.<\/p>\t\t\t\t\t\t\t\t<\/div>\n\t\t\t\t<\/div>\n\t\t\t\t\t<\/div>\n\t\t<\/div>\n\t\t\t\t<div class=\"elementor-column elementor-col-50 elementor-top-column elementor-element elementor-element-d640f6d\" data-id=\"d640f6d\" data-element_type=\"column\" data-e-type=\"column\">\n\t\t\t<div class=\"elementor-widget-wrap elementor-element-populated\">\n\t\t\t\t\t\t<div class=\"elementor-element elementor-element-36b8b76 elementor-widget elementor-widget-image\" data-id=\"36b8b76\" data-element_type=\"widget\" data-e-type=\"widget\" data-widget_type=\"image.default\">\n\t\t\t\t<div class=\"elementor-widget-container\">\n\t\t\t\t\t\t\t\t\t\t\t\t\t\t\t<img decoding=\"async\" width=\"1365\" height=\"2048\" src=\"https:\/\/www.thecutbarcelona.com\/wp-content\/uploads\/weed-club-event-barcelona-1365x2048.jpg\" class=\"attachment-2048x2048 size-2048x2048 wp-image-20236\" alt=\"\" srcset=\"https:\/\/www.thecutbarcelona.com\/wp-content\/uploads\/weed-club-event-barcelona-1365x2048.jpg 1365w, https:\/\/www.thecutbarcelona.com\/wp-content\/uploads\/weed-club-event-barcelona-200x300.jpg 200w, https:\/\/www.thecutbarcelona.com\/wp-content\/uploads\/weed-club-event-barcelona-683x1024.jpg 683w, https:\/\/www.thecutbarcelona.com\/wp-content\/uploads\/weed-club-event-barcelona-768x1152.jpg 768w, https:\/\/www.thecutbarcelona.com\/wp-content\/uploads\/weed-club-event-barcelona-1024x1536.jpg 1024w, https:\/\/www.thecutbarcelona.com\/wp-content\/uploads\/weed-club-event-barcelona-8x12.jpg 8w, https:\/\/www.thecutbarcelona.com\/wp-content\/uploads\/weed-club-event-barcelona-scaled.jpg 1707w\" sizes=\"(max-width: 1365px) 100vw, 1365px\" \/>\t\t\t\t\t\t\t\t\t\t\t\t\t\t\t<\/div>\n\t\t\t\t<\/div>\n\t\t\t\t\t<\/div>\n\t\t<\/div>\n\t\t\t\t\t<\/div>\n\t\t<\/section>\n\t\t\t\t<div class=\"elementor-section elementor-top-section elementor-element elementor-element-8c18956 elementor-section-stretched elementor-section-boxed elementor-section-height-default elementor-section-height-default\" data-id=\"8c18956\" data-element_type=\"section\" data-e-type=\"section\" data-settings=\"{&quot;stretch_section&quot;:&quot;section-stretched&quot;,&quot;background_background&quot;:&quot;classic&quot;}\">\n\t\t\t\t\t\t\t<div class=\"elementor-background-overlay\"><\/div>\n\t\t\t\t\t\t\t<div class=\"elementor-container elementor-column-gap-no\">\n\t\t\t\t\t<div class=\"elementor-column elementor-col-100 elementor-top-column elementor-element elementor-element-5a3d69b\" data-id=\"5a3d69b\" data-element_type=\"column\" data-e-type=\"column\">\n\t\t\t<div class=\"elementor-widget-wrap elementor-element-populated\">\n\t\t\t\t\t\t<div class=\"elementor-element elementor-element-11122a7 elementor-widget elementor-widget-heading\" data-id=\"11122a7\" data-element_type=\"widget\" data-e-type=\"widget\" data-widget_type=\"heading.default\">\n\t\t\t\t<div class=\"elementor-widget-container\">\n\t\t\t\t\t<h2 class=\"elementor-heading-title elementor-size-default\">Qualit\u00e0 del taglio<\/h2>\t\t\t\t<\/div>\n\t\t\t\t<\/div>\n\t\t\t\t<div class=\"elementor-element elementor-element-70d1aff elementor-widget elementor-widget-text-editor\" data-id=\"70d1aff\" data-element_type=\"widget\" data-e-type=\"widget\" data-widget_type=\"text-editor.default\">\n\t\t\t\t<div class=\"elementor-widget-container\">\n\t\t\t\t\t\t\t\t\t<p><span style=\"color: #ffffff;\">A <i>Il taglio di Barcellona<\/i> ci impegniamo a offrire ai nostri partner <b>cannabis di alta qualit\u00e0 a Barcellona<\/b>. Come club della cannabis responsabile, selezioniamo con cura ogni prodotto per garantire un'esperienza premium, sicura e soddisfacente.<\/span><\/p><p><span style=\"color: #ffffff;\">Vogliamo che ogni visita sia sinonimo di eccellenza, per questo lavoriamo con fornitori affidabili ed effettuiamo controlli rigorosi in modo che possiate sempre godere del meglio che il mercato locale della cannabis ha da offrire.<\/span><\/p><p><span style=\"color: #ffffff;\">Promuoviamo uno spazio inclusivo dove la priorit\u00e0 \u00e8 il rispetto e la buona convivenza, in modo che ogni visita sia un'opportunit\u00e0 per creare legami all'interno di una comunit\u00e0 appassionata di cannabis.<\/span><\/p>\t\t\t\t\t\t\t\t<\/div>\n\t\t\t\t<\/div>\n\t\t\t\t\t<\/div>\n\t\t<\/div>\n\t\t\t\t\t<\/div>\n\t\t<\/div>\n\t\t\t\t<section class=\"elementor-section elementor-top-section elementor-element elementor-element-85ee711 elementor-section-full_width elementor-section-stretched elementor-section-height-default elementor-section-height-default\" data-id=\"85ee711\" data-element_type=\"section\" data-e-type=\"section\" data-settings=\"{&quot;stretch_section&quot;:&quot;section-stretched&quot;}\">\n\t\t\t\t\t\t<div class=\"elementor-container elementor-column-gap-default\">\n\t\t\t\t\t<div class=\"elementor-column elementor-col-50 elementor-top-column elementor-element elementor-element-32275c5\" data-id=\"32275c5\" data-element_type=\"column\" data-e-type=\"column\">\n\t\t\t<div class=\"elementor-widget-wrap elementor-element-populated\">\n\t\t\t\t\t\t<div class=\"elementor-element elementor-element-8047170 elementor-widget elementor-widget-image\" data-id=\"8047170\" data-element_type=\"widget\" data-e-type=\"widget\" data-widget_type=\"image.default\">\n\t\t\t\t<div class=\"elementor-widget-container\">\n\t\t\t\t\t\t\t\t\t\t\t\t\t\t\t<img loading=\"lazy\" decoding=\"async\" width=\"683\" height=\"1024\" src=\"https:\/\/www.thecutbarcelona.com\/wp-content\/uploads\/dinner-weed-club-683x1024.jpg\" class=\"attachment-large size-large wp-image-20235\" alt=\"\" srcset=\"https:\/\/www.thecutbarcelona.com\/wp-content\/uploads\/dinner-weed-club-683x1024.jpg 683w, https:\/\/www.thecutbarcelona.com\/wp-content\/uploads\/dinner-weed-club-200x300.jpg 200w, https:\/\/www.thecutbarcelona.com\/wp-content\/uploads\/dinner-weed-club-768x1152.jpg 768w, https:\/\/www.thecutbarcelona.com\/wp-content\/uploads\/dinner-weed-club-1024x1536.jpg 1024w, https:\/\/www.thecutbarcelona.com\/wp-content\/uploads\/dinner-weed-club-1365x2048.jpg 1365w, https:\/\/www.thecutbarcelona.com\/wp-content\/uploads\/dinner-weed-club-8x12.jpg 8w, https:\/\/www.thecutbarcelona.com\/wp-content\/uploads\/dinner-weed-club-scaled.jpg 1707w\" sizes=\"(max-width: 683px) 100vw, 683px\" \/>\t\t\t\t\t\t\t\t\t\t\t\t\t\t\t<\/div>\n\t\t\t\t<\/div>\n\t\t\t\t\t<\/div>\n\t\t<\/div>\n\t\t\t\t<div class=\"elementor-column elementor-col-50 elementor-top-column elementor-element elementor-element-dd975b3\" data-id=\"dd975b3\" data-element_type=\"column\" data-e-type=\"column\">\n\t\t\t<div class=\"elementor-widget-wrap elementor-element-populated\">\n\t\t\t\t\t\t<div class=\"elementor-element elementor-element-a8c5eb1 elementor-widget elementor-widget-heading\" data-id=\"a8c5eb1\" data-element_type=\"widget\" data-e-type=\"widget\" data-widget_type=\"heading.default\">\n\t\t\t\t<div class=\"elementor-widget-container\">\n\t\t\t\t\t<h2 class=\"elementor-heading-title elementor-size-default\">Diversit\u00e0 degli incontri<\/h2>\t\t\t\t<\/div>\n\t\t\t\t<\/div>\n\t\t\t\t<div class=\"elementor-element elementor-element-6149464 elementor-widget elementor-widget-text-editor\" data-id=\"6149464\" data-element_type=\"widget\" data-e-type=\"widget\" data-widget_type=\"text-editor.default\">\n\t\t\t\t<div class=\"elementor-widget-container\">\n\t\t\t\t\t\t\t\t\t<p>A <i>Il taglio di Barcellona<\/i> Amiamo divertirci e vogliamo che anche voi vi divertiate. Ecco perch\u00e9 organizziamo <b>eventi e attivit\u00e0 in corso<\/b> per rendere ogni visita un'esperienza unica e piena di sorprese.<\/p><p>Da <b>degustazioni di estratti<\/b> y <b>SERATE DELLA PIZZA<\/b> Dalla musica dal vivo alle lotterie, il nostro cannabis club di Sant Antoni offre un calendario vario e adatto a tutti i gusti. Venite a far parte della comunit\u00e0 pi\u00f9 dinamica di Barcellona!<\/p><p>Promuoviamo uno spazio inclusivo dove la priorit\u00e0 \u00e8 il rispetto e la buona convivenza, in modo che ogni visita sia un'opportunit\u00e0 per creare legami all'interno di una comunit\u00e0 appassionata di cannabis.<\/p>\t\t\t\t\t\t\t\t<\/div>\n\t\t\t\t<\/div>\n\t\t\t\t\t<\/div>\n\t\t<\/div>\n\t\t\t\t\t<\/div>\n\t\t<\/section>\n\t\t\t\t<section class=\"elementor-section elementor-top-section elementor-element elementor-element-7ce8d67 elementor-section-boxed elementor-section-height-default elementor-section-height-default\" data-id=\"7ce8d67\" data-element_type=\"section\" data-e-type=\"section\">\n\t\t\t\t\t\t<div class=\"elementor-container elementor-column-gap-default\">\n\t\t\t\t\t<div class=\"elementor-column elementor-col-50 elementor-top-column elementor-element elementor-element-77ad42b\" data-id=\"77ad42b\" data-element_type=\"column\" data-e-type=\"column\">\n\t\t\t<div class=\"elementor-widget-wrap elementor-element-populated\">\n\t\t\t\t\t\t<div class=\"elementor-element elementor-element-17240b0 elementor-widget elementor-widget-heading\" data-id=\"17240b0\" data-element_type=\"widget\" data-e-type=\"widget\" data-widget_type=\"heading.default\">\n\t\t\t\t<div class=\"elementor-widget-container\">\n\t\t\t\t\t<h2 class=\"elementor-heading-title elementor-size-default\">Il Cut Club \u00e8 divertimento garantito<\/h2>\t\t\t\t<\/div>\n\t\t\t\t<\/div>\n\t\t\t\t<div class=\"elementor-element elementor-element-fe5c040 elementor-widget elementor-widget-text-editor\" data-id=\"fe5c040\" data-element_type=\"widget\" data-e-type=\"widget\" data-widget_type=\"text-editor.default\">\n\t\t\t\t<div class=\"elementor-widget-container\">\n\t\t\t\t\t\t\t\t\t<p>A <i>Il taglio di Barcellona<\/i> non siamo solo un <b>club della cannabis<\/b>ma un luogo dove il divertimento e un'esperienza unica sono garantiti. La nostra missione \u00e8 rompere la routine e offrirvi momenti memorabili. Seguite i nostri social network per non perdere nessuno dei nostri eventi esclusivi e delle nostre sorprese.<\/p>\t\t\t\t\t\t\t\t<\/div>\n\t\t\t\t<\/div>\n\t\t\t\t\t<\/div>\n\t\t<\/div>\n\t\t\t\t<div class=\"elementor-column elementor-col-50 elementor-top-column elementor-element elementor-element-a602e4a\" data-id=\"a602e4a\" data-element_type=\"column\" data-e-type=\"column\">\n\t\t\t<div class=\"elementor-widget-wrap elementor-element-populated\">\n\t\t\t\t\t\t<div class=\"elementor-element elementor-element-ef20118 elementor-widget elementor-widget-image\" data-id=\"ef20118\" data-element_type=\"widget\" data-e-type=\"widget\" data-widget_type=\"image.default\">\n\t\t\t\t<div class=\"elementor-widget-container\">\n\t\t\t\t\t\t\t\t\t\t\t\t\t\t\t<img loading=\"lazy\" decoding=\"async\" width=\"768\" height=\"1024\" src=\"https:\/\/www.thecutbarcelona.com\/wp-content\/uploads\/weed-club-social-club-768x1024.jpg\" class=\"attachment-large size-large wp-image-20237\" alt=\"\" srcset=\"https:\/\/www.thecutbarcelona.com\/wp-content\/uploads\/weed-club-social-club-768x1024.jpg 768w, https:\/\/www.thecutbarcelona.com\/wp-content\/uploads\/weed-club-social-club-225x300.jpg 225w, https:\/\/www.thecutbarcelona.com\/wp-content\/uploads\/weed-club-social-club-1152x1536.jpg 1152w, https:\/\/www.thecutbarcelona.com\/wp-content\/uploads\/weed-club-social-club-1536x2048.jpg 1536w, https:\/\/www.thecutbarcelona.com\/wp-content\/uploads\/weed-club-social-club-9x12.jpg 9w, https:\/\/www.thecutbarcelona.com\/wp-content\/uploads\/weed-club-social-club-scaled.jpg 1920w\" sizes=\"(max-width: 768px) 100vw, 768px\" \/>\t\t\t\t\t\t\t\t\t\t\t\t\t\t\t<\/div>\n\t\t\t\t<\/div>\n\t\t\t\t\t<\/div>\n\t\t<\/div>\n\t\t\t\t\t<\/div>\n\t\t<\/section>\n\t\t\t\t<div class=\"elementor-section elementor-top-section elementor-element elementor-element-2479b471 elementor-section-stretched elementor-section-boxed elementor-section-height-default elementor-section-height-default\" data-id=\"2479b471\" data-element_type=\"section\" data-e-type=\"section\" data-settings=\"{&quot;stretch_section&quot;:&quot;section-stretched&quot;,&quot;background_background&quot;:&quot;classic&quot;}\">\n\t\t\t\t\t\t\t<div class=\"elementor-background-overlay\"><\/div>\n\t\t\t\t\t\t\t<div class=\"elementor-container elementor-column-gap-no\">\n\t\t\t\t\t<div class=\"elementor-column elementor-col-100 elementor-top-column elementor-element elementor-element-1e8450eb\" data-id=\"1e8450eb\" data-element_type=\"column\" data-e-type=\"column\">\n\t\t\t<div class=\"elementor-widget-wrap elementor-element-populated\">\n\t\t\t\t\t\t<section class=\"elementor-section elementor-inner-section elementor-element elementor-element-3b28ecde elementor-section-boxed elementor-section-height-default elementor-section-height-default\" data-id=\"3b28ecde\" data-element_type=\"section\" data-e-type=\"section\">\n\t\t\t\t\t\t<div class=\"elementor-container elementor-column-gap-no\">\n\t\t\t\t\t<div class=\"elementor-column elementor-col-50 elementor-inner-column elementor-element elementor-element-6beac395\" data-id=\"6beac395\" data-element_type=\"column\" data-e-type=\"column\">\n\t\t\t<div class=\"elementor-widget-wrap elementor-element-populated\">\n\t\t\t\t\t\t<div class=\"elementor-element elementor-element-36a2a990 elementor-widget elementor-widget-image\" data-id=\"36a2a990\" data-element_type=\"widget\" data-e-type=\"widget\" data-widget_type=\"image.default\">\n\t\t\t\t<div class=\"elementor-widget-container\">\n\t\t\t\t\t\t\t\t\t\t\t\t\t\t\t<img decoding=\"async\" src=\"https:\/\/www.thecutbarcelona.com\/wp-content\/uploads\/elementor\/thumbs\/Foto-2-3-21-16-08-52-scaled-nfa5ha4oal69p3mp6m4b1mm6f2mxjpcgis36om5f98.jpg\" title=\"La Comunit\u00e0 CUT - F5\" alt=\"La Comunit\u00e0 CUT - F5\" loading=\"lazy\" \/>\t\t\t\t\t\t\t\t\t\t\t\t\t\t\t<\/div>\n\t\t\t\t<\/div>\n\t\t\t\t\t<\/div>\n\t\t<\/div>\n\t\t\t\t<div class=\"elementor-column elementor-col-50 elementor-inner-column elementor-element elementor-element-27ae496d\" data-id=\"27ae496d\" data-element_type=\"column\" data-e-type=\"column\">\n\t\t\t<div class=\"elementor-widget-wrap elementor-element-populated\">\n\t\t\t\t\t\t<div class=\"elementor-element elementor-element-4505a1dc elementor-widget elementor-widget-button\" data-id=\"4505a1dc\" data-element_type=\"widget\" data-e-type=\"widget\" data-widget_type=\"button.default\">\n\t\t\t\t<div class=\"elementor-widget-container\">\n\t\t\t\t\t\t\t\t\t<div class=\"elementor-button-wrapper\">\n\t\t\t\t\t<a class=\"elementor-button elementor-button-link elementor-size-sm\" href=\"https:\/\/www.thecutbarcelona.com\/it\/come-diventare-un-membro-il-taglio\/\">\n\t\t\t\t\t\t<span class=\"elementor-button-content-wrapper\">\n\t\t\t\t\t\t<span class=\"elementor-button-icon\">\n\t\t\t\t<i aria-hidden=\"true\" class=\"fas fa-arrow-right\"><\/i>\t\t\t<\/span>\n\t\t\t\t\t\t\t\t\t<span class=\"elementor-button-text\">Ulteriori informazioni<\/span>\n\t\t\t\t\t<\/span>\n\t\t\t\t\t<\/a>\n\t\t\t\t<\/div>\n\t\t\t\t\t\t\t\t<\/div>\n\t\t\t\t<\/div>\n\t\t\t\t\t<\/div>\n\t\t<\/div>\n\t\t\t\t\t<\/div>\n\t\t<\/section>\n\t\t\t\t\t<\/div>\n\t\t<\/div>\n\t\t\t\t\t<\/div>\n\t\t<\/div>\n\t\t\t\t<\/div>","protected":false},"excerpt":{"rendered":"<p>\u00bfPor qu\u00e9 elegir The Cut Barcelona? Ubicado en el coraz\u00f3n de Barcelona, en el din\u00e1mico barrio de Sant Antoni, The Cut Barcelona es mucho m\u00e1s que un club cann\u00e1bico: es un espacio social seguro, relajado y con buen rollo, pensado para quienes buscan desconectar del ritmo acelerado de la ciudad. Nacemos con el prop\u00f3sito de [&hellip;]<\/p>\n","protected":false},"author":4,"featured_media":0,"parent":0,"menu_order":0,"comment_status":"closed","ping_status":"closed","template":"","meta":{"_joinchat":[],"footnotes":""},"class_list":["post-8876","page","type-page","status-publish","hentry"],"_links":{"self":[{"href":"https:\/\/www.thecutbarcelona.com\/it\/wp-json\/wp\/v2\/pages\/8876","targetHints":{"allow":["GET"]}}],"collection":[{"href":"https:\/\/www.thecutbarcelona.com\/it\/wp-json\/wp\/v2\/pages"}],"about":[{"href":"https:\/\/www.thecutbarcelona.com\/it\/wp-json\/wp\/v2\/types\/page"}],"author":[{"embeddable":true,"href":"https:\/\/www.thecutbarcelona.com\/it\/wp-json\/wp\/v2\/users\/4"}],"replies":[{"embeddable":true,"href":"https:\/\/www.thecutbarcelona.com\/it\/wp-json\/wp\/v2\/comments?post=8876"}],"version-history":[{"count":6,"href":"https:\/\/www.thecutbarcelona.com\/it\/wp-json\/wp\/v2\/pages\/8876\/revisions"}],"predecessor-version":[{"id":22476,"href":"https:\/\/www.thecutbarcelona.com\/it\/wp-json\/wp\/v2\/pages\/8876\/revisions\/22476"}],"wp:attachment":[{"href":"https:\/\/www.thecutbarcelona.com\/it\/wp-json\/wp\/v2\/media?parent=8876"}],"curies":[{"name":"wp","href":"https:\/\/api.w.org\/{rel}","templated":true}]}}