{"id":8876,"date":"2023-06-23T16:36:55","date_gmt":"2023-06-23T14:36:55","guid":{"rendered":"https:\/\/www.thecutbarcelona.com\/?page_id=8876"},"modified":"2025-11-23T04:34:27","modified_gmt":"2025-11-23T03:34:27","slug":"parce-que-the-cut","status":"publish","type":"page","link":"https:\/\/www.thecutbarcelona.com\/fr\/por-que-the-cut\/","title":{"rendered":"POURQUOI THE CUT ?"},"content":{"rendered":"<div data-elementor-type=\"wp-page\" data-elementor-id=\"8876\" class=\"elementor elementor-8876\" data-elementor-post-type=\"page\">\n\t\t\t\t\t\t<section class=\"elementor-section elementor-top-section elementor-element elementor-element-34f86ed elementor-section-boxed elementor-section-height-default elementor-section-height-default\" data-id=\"34f86ed\" data-element_type=\"section\" data-e-type=\"section\">\n\t\t\t\t\t\t<div class=\"elementor-container elementor-column-gap-default\">\n\t\t\t\t\t<div class=\"elementor-column elementor-col-50 elementor-top-column elementor-element elementor-element-858ceca\" data-id=\"858ceca\" data-element_type=\"column\" data-e-type=\"column\">\n\t\t\t<div class=\"elementor-widget-wrap elementor-element-populated\">\n\t\t\t\t\t\t<div class=\"elementor-element elementor-element-a622f39 elementor-widget elementor-widget-heading\" data-id=\"a622f39\" data-element_type=\"widget\" data-e-type=\"widget\" data-widget_type=\"heading.default\">\n\t\t\t\t<div class=\"elementor-widget-container\">\n\t\t\t\t\t<h1 class=\"elementor-heading-title elementor-size-default\">Pourquoi choisir The Cut Barcelona ?<\/h1>\t\t\t\t<\/div>\n\t\t\t\t<\/div>\n\t\t\t\t<div class=\"elementor-element elementor-element-986d1d1 elementor-widget elementor-widget-text-editor\" data-id=\"986d1d1\" data-element_type=\"widget\" data-e-type=\"widget\" data-widget_type=\"text-editor.default\">\n\t\t\t\t<div class=\"elementor-widget-container\">\n\t\t\t\t\t\t\t\t\t<p>Situ\u00e9 au c\u0153ur de Barcelone, dans le quartier dynamique de <b>Sant Antoni<\/b>, <i>The Cut Barcelone<\/i> est bien plus qu'un simple club de cannabis : il s'agit d'une <b>un espace social s\u00fbr, d\u00e9tendu et convivial<\/b>con\u00e7u pour ceux qui cherchent \u00e0 se d\u00e9connecter du rythme effr\u00e9n\u00e9 de la ville.<\/p><p>Nous sommes n\u00e9s dans le but d'offrir une <b>Association l\u00e9gale du cannabis \u00e0 Barcelone<\/b>o\u00f9 vous pouvez consommer du cannabis de mani\u00e8re responsable, dans un environnement accueillant et moderne, entour\u00e9 par la communaut\u00e9, l'art et la culture urbaine.<\/p>\t\t\t\t\t\t\t\t<\/div>\n\t\t\t\t<\/div>\n\t\t\t\t\t<\/div>\n\t\t<\/div>\n\t\t\t\t<div class=\"elementor-column elementor-col-50 elementor-top-column elementor-element elementor-element-36d3c37\" data-id=\"36d3c37\" data-element_type=\"column\" data-e-type=\"column\">\n\t\t\t<div class=\"elementor-widget-wrap elementor-element-populated\">\n\t\t\t\t\t\t<div class=\"elementor-element elementor-element-c80baf9 elementor-widget elementor-widget-image\" data-id=\"c80baf9\" data-element_type=\"widget\" data-e-type=\"widget\" data-widget_type=\"image.default\">\n\t\t\t\t<div class=\"elementor-widget-container\">\n\t\t\t\t\t\t\t\t\t\t\t\t\t\t\t<img fetchpriority=\"high\" decoding=\"async\" width=\"512\" height=\"512\" src=\"https:\/\/www.thecutbarcelona.com\/wp-content\/uploads\/cropped-LOCO-CUT.png\" class=\"attachment-large size-large wp-image-129\" alt=\"Logo Cropped The CUT Barcelona\" srcset=\"https:\/\/www.thecutbarcelona.com\/wp-content\/uploads\/cropped-LOCO-CUT.png 512w, https:\/\/www.thecutbarcelona.com\/wp-content\/uploads\/cropped-LOCO-CUT-300x300.png 300w, https:\/\/www.thecutbarcelona.com\/wp-content\/uploads\/cropped-LOCO-CUT-150x150.png 150w, https:\/\/www.thecutbarcelona.com\/wp-content\/uploads\/cropped-LOCO-CUT-480x480.png 480w, https:\/\/www.thecutbarcelona.com\/wp-content\/uploads\/cropped-LOCO-CUT-270x270.png 270w, https:\/\/www.thecutbarcelona.com\/wp-content\/uploads\/cropped-LOCO-CUT-192x192.png 192w, https:\/\/www.thecutbarcelona.com\/wp-content\/uploads\/cropped-LOCO-CUT-180x180.png 180w, https:\/\/www.thecutbarcelona.com\/wp-content\/uploads\/cropped-LOCO-CUT-32x32.png 32w\" sizes=\"(max-width: 512px) 100vw, 512px\" \/>\t\t\t\t\t\t\t\t\t\t\t\t\t\t\t<\/div>\n\t\t\t\t<\/div>\n\t\t\t\t\t<\/div>\n\t\t<\/div>\n\t\t\t\t\t<\/div>\n\t\t<\/section>\n\t\t\t\t<section class=\"elementor-section elementor-top-section elementor-element elementor-element-a879d29 elementor-section-full_width elementor-section-stretched elementor-section-height-default elementor-section-height-default\" data-id=\"a879d29\" data-element_type=\"section\" data-e-type=\"section\" data-settings=\"{&quot;stretch_section&quot;:&quot;section-stretched&quot;}\">\n\t\t\t\t\t\t<div class=\"elementor-container elementor-column-gap-default\">\n\t\t\t\t\t<div class=\"elementor-column elementor-col-50 elementor-top-column elementor-element elementor-element-cc04e7f\" data-id=\"cc04e7f\" data-element_type=\"column\" data-e-type=\"column\">\n\t\t\t<div class=\"elementor-widget-wrap elementor-element-populated\">\n\t\t\t\t\t\t<div class=\"elementor-element elementor-element-5188db6 elementor-widget elementor-widget-image\" data-id=\"5188db6\" data-element_type=\"widget\" data-e-type=\"widget\" data-widget_type=\"image.default\">\n\t\t\t\t<div class=\"elementor-widget-container\">\n\t\t\t\t\t\t\t\t\t\t\t\t\t\t\t<img decoding=\"async\" width=\"800\" height=\"534\" src=\"https:\/\/www.thecutbarcelona.com\/wp-content\/uploads\/best-weed-club-in-barcelona-1024x683.jpg\" class=\"attachment-large size-large wp-image-19975\" alt=\"\" srcset=\"https:\/\/www.thecutbarcelona.com\/wp-content\/uploads\/best-weed-club-in-barcelona-1024x683.jpg 1024w, https:\/\/www.thecutbarcelona.com\/wp-content\/uploads\/best-weed-club-in-barcelona-300x200.jpg 300w, https:\/\/www.thecutbarcelona.com\/wp-content\/uploads\/best-weed-club-in-barcelona-768x512.jpg 768w, https:\/\/www.thecutbarcelona.com\/wp-content\/uploads\/best-weed-club-in-barcelona-18x12.jpg 18w, https:\/\/www.thecutbarcelona.com\/wp-content\/uploads\/best-weed-club-in-barcelona.jpg 1360w\" sizes=\"(max-width: 800px) 100vw, 800px\" \/>\t\t\t\t\t\t\t\t\t\t\t\t\t\t\t<\/div>\n\t\t\t\t<\/div>\n\t\t\t\t\t<\/div>\n\t\t<\/div>\n\t\t\t\t<div class=\"elementor-column elementor-col-50 elementor-top-column elementor-element elementor-element-f7b96e7\" data-id=\"f7b96e7\" data-element_type=\"column\" data-e-type=\"column\">\n\t\t\t<div class=\"elementor-widget-wrap elementor-element-populated\">\n\t\t\t\t\t\t<div class=\"elementor-element elementor-element-360e562 elementor-widget elementor-widget-heading\" data-id=\"360e562\" data-element_type=\"widget\" data-e-type=\"widget\" data-widget_type=\"heading.default\">\n\t\t\t\t<div class=\"elementor-widget-container\">\n\t\t\t\t\t<h2 class=\"elementor-heading-title elementor-size-default\">Un multi-espace s\u00fbr et fonctionnel<\/h2>\t\t\t\t<\/div>\n\t\t\t\t<\/div>\n\t\t\t\t<div class=\"elementor-element elementor-element-8d0e17d elementor-widget elementor-widget-text-editor\" data-id=\"8d0e17d\" data-element_type=\"widget\" data-e-type=\"widget\" data-widget_type=\"text-editor.default\">\n\t\t\t\t<div class=\"elementor-widget-container\">\n\t\t\t\t\t\t\t\t\t<p>Au <i>The Cut Barcelone<\/i> nous vous offrons une <b>un club de cannabis moderne et s\u00fbr<\/b>avec un style unique qui fusionne le design urbain et une atmosph\u00e8re d\u00e9tendue. Notre espace est con\u00e7u pour que vous puissiez <b>se d\u00e9tendre, socialiser et appr\u00e9cier un cannabis de qualit\u00e9<\/b> dans un environnement confortable et l\u00e9gal.<\/p><p>Nous disposons d'une gamme compl\u00e8te d'outils tels que <b>bongs, rigs pour dabs, vaporisateurs et pipes<\/b>id\u00e9al pour ceux qui recherchent une exp\u00e9rience plus compl\u00e8te que le simple fait de fumer. De plus, notre \u00e9quipe de collaborateurs form\u00e9s est toujours disponible pour vous conseiller et r\u00e9pondre \u00e0 vos questions.<\/p>\t\t\t\t\t\t\t\t<\/div>\n\t\t\t\t<\/div>\n\t\t\t\t\t<\/div>\n\t\t<\/div>\n\t\t\t\t\t<\/div>\n\t\t<\/section>\n\t\t\t\t<section class=\"elementor-section elementor-top-section elementor-element elementor-element-7db3532 elementor-section-height-min-height elementor-section-boxed elementor-section-height-default elementor-section-items-middle\" data-id=\"7db3532\" data-element_type=\"section\" data-e-type=\"section\">\n\t\t\t\t\t\t<div class=\"elementor-container elementor-column-gap-default\">\n\t\t\t\t\t<div class=\"elementor-column elementor-col-50 elementor-top-column elementor-element elementor-element-5fb80df\" data-id=\"5fb80df\" data-element_type=\"column\" data-e-type=\"column\">\n\t\t\t<div class=\"elementor-widget-wrap elementor-element-populated\">\n\t\t\t\t\t\t<div class=\"elementor-element elementor-element-7d577b6 elementor-widget elementor-widget-heading\" data-id=\"7d577b6\" data-element_type=\"widget\" data-e-type=\"widget\" data-widget_type=\"heading.default\">\n\t\t\t\t<div class=\"elementor-widget-container\">\n\t\t\t\t\t<h2 class=\"elementor-heading-title elementor-size-default\">La communaut\u00e9 qui nous unit<\/h2>\t\t\t\t<\/div>\n\t\t\t\t<\/div>\n\t\t\t\t<div class=\"elementor-element elementor-element-6e7357a elementor-widget elementor-widget-text-editor\" data-id=\"6e7357a\" data-element_type=\"widget\" data-e-type=\"widget\" data-widget_type=\"text-editor.default\">\n\t\t\t\t<div class=\"elementor-widget-container\">\n\t\t\t\t\t\t\t\t\t<p>Situ\u00e9 au c\u0153ur de <b>Barcelone<\/b>dans un endroit strat\u00e9gique et accessible, <i>The Cut Barcelone<\/i> accueille une communaut\u00e9 diversifi\u00e9e et dynamique d'amateurs de cannabis. Notre <b>cannabis club \u00e0 Sant Antoni<\/b> se caract\u00e9rise par son <b>une atmosph\u00e8re s\u00fbre, calme et amicale<\/b>id\u00e9al pour socialiser, partager des exp\u00e9riences et entrer en contact avec des personnes partageant les m\u00eames id\u00e9es.<\/p><p>Nous promouvons un espace inclusif o\u00f9 la priorit\u00e9 est le respect et la bonne coexistence, afin que chaque visite soit l'occasion de cr\u00e9er des liens au sein d'une communaut\u00e9 passionn\u00e9e par le cannabis.<\/p><p>Comme <b>club des mauvaises herbes<\/b>Nos membres sont notre priorit\u00e9. Nous nous effor\u00e7ons chaque jour de maintenir une communaut\u00e9 diversifi\u00e9e, soud\u00e9e et saine o\u00f9 vous pouvez vous sentir \u00e0 l'aise et bienvenu.<\/p>\t\t\t\t\t\t\t\t<\/div>\n\t\t\t\t<\/div>\n\t\t\t\t\t<\/div>\n\t\t<\/div>\n\t\t\t\t<div class=\"elementor-column elementor-col-50 elementor-top-column elementor-element elementor-element-d640f6d\" data-id=\"d640f6d\" data-element_type=\"column\" data-e-type=\"column\">\n\t\t\t<div class=\"elementor-widget-wrap elementor-element-populated\">\n\t\t\t\t\t\t<div class=\"elementor-element elementor-element-36b8b76 elementor-widget elementor-widget-image\" data-id=\"36b8b76\" data-element_type=\"widget\" data-e-type=\"widget\" data-widget_type=\"image.default\">\n\t\t\t\t<div class=\"elementor-widget-container\">\n\t\t\t\t\t\t\t\t\t\t\t\t\t\t\t<img decoding=\"async\" width=\"1365\" height=\"2048\" src=\"https:\/\/www.thecutbarcelona.com\/wp-content\/uploads\/weed-club-event-barcelona-1365x2048.jpg\" class=\"attachment-2048x2048 size-2048x2048 wp-image-20236\" alt=\"\" srcset=\"https:\/\/www.thecutbarcelona.com\/wp-content\/uploads\/weed-club-event-barcelona-1365x2048.jpg 1365w, https:\/\/www.thecutbarcelona.com\/wp-content\/uploads\/weed-club-event-barcelona-200x300.jpg 200w, https:\/\/www.thecutbarcelona.com\/wp-content\/uploads\/weed-club-event-barcelona-683x1024.jpg 683w, https:\/\/www.thecutbarcelona.com\/wp-content\/uploads\/weed-club-event-barcelona-768x1152.jpg 768w, https:\/\/www.thecutbarcelona.com\/wp-content\/uploads\/weed-club-event-barcelona-1024x1536.jpg 1024w, https:\/\/www.thecutbarcelona.com\/wp-content\/uploads\/weed-club-event-barcelona-8x12.jpg 8w, https:\/\/www.thecutbarcelona.com\/wp-content\/uploads\/weed-club-event-barcelona-scaled.jpg 1707w\" sizes=\"(max-width: 1365px) 100vw, 1365px\" \/>\t\t\t\t\t\t\t\t\t\t\t\t\t\t\t<\/div>\n\t\t\t\t<\/div>\n\t\t\t\t\t<\/div>\n\t\t<\/div>\n\t\t\t\t\t<\/div>\n\t\t<\/section>\n\t\t\t\t<div class=\"elementor-section elementor-top-section elementor-element elementor-element-8c18956 elementor-section-stretched elementor-section-boxed elementor-section-height-default elementor-section-height-default\" data-id=\"8c18956\" data-element_type=\"section\" data-e-type=\"section\" data-settings=\"{&quot;stretch_section&quot;:&quot;section-stretched&quot;,&quot;background_background&quot;:&quot;classic&quot;}\">\n\t\t\t\t\t\t\t<div class=\"elementor-background-overlay\"><\/div>\n\t\t\t\t\t\t\t<div class=\"elementor-container elementor-column-gap-no\">\n\t\t\t\t\t<div class=\"elementor-column elementor-col-100 elementor-top-column elementor-element elementor-element-5a3d69b\" data-id=\"5a3d69b\" data-element_type=\"column\" data-e-type=\"column\">\n\t\t\t<div class=\"elementor-widget-wrap elementor-element-populated\">\n\t\t\t\t\t\t<div class=\"elementor-element elementor-element-11122a7 elementor-widget elementor-widget-heading\" data-id=\"11122a7\" data-element_type=\"widget\" data-e-type=\"widget\" data-widget_type=\"heading.default\">\n\t\t\t\t<div class=\"elementor-widget-container\">\n\t\t\t\t\t<h2 class=\"elementor-heading-title elementor-size-default\">La qualit\u00e9 de la coupe<\/h2>\t\t\t\t<\/div>\n\t\t\t\t<\/div>\n\t\t\t\t<div class=\"elementor-element elementor-element-70d1aff elementor-widget elementor-widget-text-editor\" data-id=\"70d1aff\" data-element_type=\"widget\" data-e-type=\"widget\" data-widget_type=\"text-editor.default\">\n\t\t\t\t<div class=\"elementor-widget-container\">\n\t\t\t\t\t\t\t\t\t<p><span style=\"color: #ffffff;\">Au <i>The Cut Barcelone<\/i> nous nous engageons \u00e0 offrir \u00e0 nos partenaires <b>cannabis de qualit\u00e9 sup\u00e9rieure \u00e0 Barcelone<\/b>. En tant que club de cannabis responsable, nous s\u00e9lectionnons soigneusement chaque produit pour garantir une exp\u00e9rience de qualit\u00e9, s\u00fbre et satisfaisante.<\/span><\/p><p><span style=\"color: #ffffff;\">Nous voulons que chaque visite soit synonyme d'excellence, c'est pourquoi nous travaillons avec des fournisseurs fiables et effectuons des contr\u00f4les stricts afin que vous puissiez toujours profiter de ce que le march\u00e9 local du cannabis a de mieux \u00e0 offrir.<\/span><\/p><p><span style=\"color: #ffffff;\">Nous promouvons un espace inclusif o\u00f9 la priorit\u00e9 est le respect et la bonne coexistence, afin que chaque visite soit l'occasion de cr\u00e9er des liens au sein d'une communaut\u00e9 passionn\u00e9e par le cannabis.<\/span><\/p>\t\t\t\t\t\t\t\t<\/div>\n\t\t\t\t<\/div>\n\t\t\t\t\t<\/div>\n\t\t<\/div>\n\t\t\t\t\t<\/div>\n\t\t<\/div>\n\t\t\t\t<section class=\"elementor-section elementor-top-section elementor-element elementor-element-85ee711 elementor-section-full_width elementor-section-stretched elementor-section-height-default elementor-section-height-default\" data-id=\"85ee711\" data-element_type=\"section\" data-e-type=\"section\" data-settings=\"{&quot;stretch_section&quot;:&quot;section-stretched&quot;}\">\n\t\t\t\t\t\t<div class=\"elementor-container elementor-column-gap-default\">\n\t\t\t\t\t<div class=\"elementor-column elementor-col-50 elementor-top-column elementor-element elementor-element-32275c5\" data-id=\"32275c5\" data-element_type=\"column\" data-e-type=\"column\">\n\t\t\t<div class=\"elementor-widget-wrap elementor-element-populated\">\n\t\t\t\t\t\t<div class=\"elementor-element elementor-element-8047170 elementor-widget elementor-widget-image\" data-id=\"8047170\" data-element_type=\"widget\" data-e-type=\"widget\" data-widget_type=\"image.default\">\n\t\t\t\t<div class=\"elementor-widget-container\">\n\t\t\t\t\t\t\t\t\t\t\t\t\t\t\t<img loading=\"lazy\" decoding=\"async\" width=\"683\" height=\"1024\" src=\"https:\/\/www.thecutbarcelona.com\/wp-content\/uploads\/dinner-weed-club-683x1024.jpg\" class=\"attachment-large size-large wp-image-20235\" alt=\"\" srcset=\"https:\/\/www.thecutbarcelona.com\/wp-content\/uploads\/dinner-weed-club-683x1024.jpg 683w, https:\/\/www.thecutbarcelona.com\/wp-content\/uploads\/dinner-weed-club-200x300.jpg 200w, https:\/\/www.thecutbarcelona.com\/wp-content\/uploads\/dinner-weed-club-768x1152.jpg 768w, https:\/\/www.thecutbarcelona.com\/wp-content\/uploads\/dinner-weed-club-1024x1536.jpg 1024w, https:\/\/www.thecutbarcelona.com\/wp-content\/uploads\/dinner-weed-club-1365x2048.jpg 1365w, https:\/\/www.thecutbarcelona.com\/wp-content\/uploads\/dinner-weed-club-8x12.jpg 8w, https:\/\/www.thecutbarcelona.com\/wp-content\/uploads\/dinner-weed-club-scaled.jpg 1707w\" sizes=\"(max-width: 683px) 100vw, 683px\" \/>\t\t\t\t\t\t\t\t\t\t\t\t\t\t\t<\/div>\n\t\t\t\t<\/div>\n\t\t\t\t\t<\/div>\n\t\t<\/div>\n\t\t\t\t<div class=\"elementor-column elementor-col-50 elementor-top-column elementor-element elementor-element-dd975b3\" data-id=\"dd975b3\" data-element_type=\"column\" data-e-type=\"column\">\n\t\t\t<div class=\"elementor-widget-wrap elementor-element-populated\">\n\t\t\t\t\t\t<div class=\"elementor-element elementor-element-a8c5eb1 elementor-widget elementor-widget-heading\" data-id=\"a8c5eb1\" data-element_type=\"widget\" data-e-type=\"widget\" data-widget_type=\"heading.default\">\n\t\t\t\t<div class=\"elementor-widget-container\">\n\t\t\t\t\t<h2 class=\"elementor-heading-title elementor-size-default\">Diversit\u00e9 des rencontres<\/h2>\t\t\t\t<\/div>\n\t\t\t\t<\/div>\n\t\t\t\t<div class=\"elementor-element elementor-element-6149464 elementor-widget elementor-widget-text-editor\" data-id=\"6149464\" data-element_type=\"widget\" data-e-type=\"widget\" data-widget_type=\"text-editor.default\">\n\t\t\t\t<div class=\"elementor-widget-container\">\n\t\t\t\t\t\t\t\t\t<p>Au <i>The Cut Barcelone<\/i> Nous aimons nous amuser et nous voulons que vous vous amusiez aussi. C'est pourquoi nous organisons <b>\u00e9v\u00e9nements et activit\u00e9s en cours<\/b> pour faire de chaque visite une exp\u00e9rience unique et pleine de surprises.<\/p><p>De <b>d\u00e9gustations d'extraits<\/b> y <b>LES NUITS DE LA PIZZERIA<\/b> De la musique live aux tombolas, notre club de cannabis \u00e0 Sant Antoni offre un calendrier vari\u00e9 con\u00e7u pour tous les go\u00fbts. Venez rejoindre la communaut\u00e9 la plus dynamique de Barcelone !<\/p><p>Nous promouvons un espace inclusif o\u00f9 la priorit\u00e9 est le respect et la bonne coexistence, afin que chaque visite soit l'occasion de cr\u00e9er des liens au sein d'une communaut\u00e9 passionn\u00e9e par le cannabis.<\/p>\t\t\t\t\t\t\t\t<\/div>\n\t\t\t\t<\/div>\n\t\t\t\t\t<\/div>\n\t\t<\/div>\n\t\t\t\t\t<\/div>\n\t\t<\/section>\n\t\t\t\t<section class=\"elementor-section elementor-top-section elementor-element elementor-element-7ce8d67 elementor-section-boxed elementor-section-height-default elementor-section-height-default\" data-id=\"7ce8d67\" data-element_type=\"section\" data-e-type=\"section\">\n\t\t\t\t\t\t<div class=\"elementor-container elementor-column-gap-default\">\n\t\t\t\t\t<div class=\"elementor-column elementor-col-50 elementor-top-column elementor-element elementor-element-77ad42b\" data-id=\"77ad42b\" data-element_type=\"column\" data-e-type=\"column\">\n\t\t\t<div class=\"elementor-widget-wrap elementor-element-populated\">\n\t\t\t\t\t\t<div class=\"elementor-element elementor-element-17240b0 elementor-widget elementor-widget-heading\" data-id=\"17240b0\" data-element_type=\"widget\" data-e-type=\"widget\" data-widget_type=\"heading.default\">\n\t\t\t\t<div class=\"elementor-widget-container\">\n\t\t\t\t\t<h2 class=\"elementor-heading-title elementor-size-default\">Le Cut Club, c'est du plaisir garanti<\/h2>\t\t\t\t<\/div>\n\t\t\t\t<\/div>\n\t\t\t\t<div class=\"elementor-element elementor-element-fe5c040 elementor-widget elementor-widget-text-editor\" data-id=\"fe5c040\" data-element_type=\"widget\" data-e-type=\"widget\" data-widget_type=\"text-editor.default\">\n\t\t\t\t<div class=\"elementor-widget-container\">\n\t\t\t\t\t\t\t\t\t<p>Au <i>The Cut Barcelone<\/i> nous ne sommes pas seulement un <b>club de cannabis<\/b>mais un lieu o\u00f9 le plaisir et une exp\u00e9rience unique sont garantis. Notre mission est de briser la routine et de vous offrir des moments m\u00e9morables. Suivez nos r\u00e9seaux sociaux pour ne rien manquer de nos \u00e9v\u00e9nements exclusifs et de nos surprises.<\/p>\t\t\t\t\t\t\t\t<\/div>\n\t\t\t\t<\/div>\n\t\t\t\t\t<\/div>\n\t\t<\/div>\n\t\t\t\t<div class=\"elementor-column elementor-col-50 elementor-top-column elementor-element elementor-element-a602e4a\" data-id=\"a602e4a\" data-element_type=\"column\" data-e-type=\"column\">\n\t\t\t<div class=\"elementor-widget-wrap elementor-element-populated\">\n\t\t\t\t\t\t<div class=\"elementor-element elementor-element-ef20118 elementor-widget elementor-widget-image\" data-id=\"ef20118\" data-element_type=\"widget\" data-e-type=\"widget\" data-widget_type=\"image.default\">\n\t\t\t\t<div class=\"elementor-widget-container\">\n\t\t\t\t\t\t\t\t\t\t\t\t\t\t\t<img loading=\"lazy\" decoding=\"async\" width=\"768\" height=\"1024\" src=\"https:\/\/www.thecutbarcelona.com\/wp-content\/uploads\/weed-club-social-club-768x1024.jpg\" class=\"attachment-large size-large wp-image-20237\" alt=\"\" srcset=\"https:\/\/www.thecutbarcelona.com\/wp-content\/uploads\/weed-club-social-club-768x1024.jpg 768w, https:\/\/www.thecutbarcelona.com\/wp-content\/uploads\/weed-club-social-club-225x300.jpg 225w, https:\/\/www.thecutbarcelona.com\/wp-content\/uploads\/weed-club-social-club-1152x1536.jpg 1152w, https:\/\/www.thecutbarcelona.com\/wp-content\/uploads\/weed-club-social-club-1536x2048.jpg 1536w, https:\/\/www.thecutbarcelona.com\/wp-content\/uploads\/weed-club-social-club-9x12.jpg 9w, https:\/\/www.thecutbarcelona.com\/wp-content\/uploads\/weed-club-social-club-scaled.jpg 1920w\" sizes=\"(max-width: 768px) 100vw, 768px\" \/>\t\t\t\t\t\t\t\t\t\t\t\t\t\t\t<\/div>\n\t\t\t\t<\/div>\n\t\t\t\t\t<\/div>\n\t\t<\/div>\n\t\t\t\t\t<\/div>\n\t\t<\/section>\n\t\t\t\t<div class=\"elementor-section elementor-top-section elementor-element elementor-element-2479b471 elementor-section-stretched elementor-section-boxed elementor-section-height-default elementor-section-height-default\" data-id=\"2479b471\" data-element_type=\"section\" data-e-type=\"section\" data-settings=\"{&quot;stretch_section&quot;:&quot;section-stretched&quot;,&quot;background_background&quot;:&quot;classic&quot;}\">\n\t\t\t\t\t\t\t<div class=\"elementor-background-overlay\"><\/div>\n\t\t\t\t\t\t\t<div class=\"elementor-container elementor-column-gap-no\">\n\t\t\t\t\t<div class=\"elementor-column elementor-col-100 elementor-top-column elementor-element elementor-element-1e8450eb\" data-id=\"1e8450eb\" data-element_type=\"column\" data-e-type=\"column\">\n\t\t\t<div class=\"elementor-widget-wrap elementor-element-populated\">\n\t\t\t\t\t\t<section class=\"elementor-section elementor-inner-section elementor-element elementor-element-3b28ecde elementor-section-boxed elementor-section-height-default elementor-section-height-default\" data-id=\"3b28ecde\" data-element_type=\"section\" data-e-type=\"section\">\n\t\t\t\t\t\t<div class=\"elementor-container elementor-column-gap-no\">\n\t\t\t\t\t<div class=\"elementor-column elementor-col-50 elementor-inner-column elementor-element elementor-element-6beac395\" data-id=\"6beac395\" data-element_type=\"column\" data-e-type=\"column\">\n\t\t\t<div class=\"elementor-widget-wrap elementor-element-populated\">\n\t\t\t\t\t\t<div class=\"elementor-element elementor-element-36a2a990 elementor-widget elementor-widget-image\" data-id=\"36a2a990\" data-element_type=\"widget\" data-e-type=\"widget\" data-widget_type=\"image.default\">\n\t\t\t\t<div class=\"elementor-widget-container\">\n\t\t\t\t\t\t\t\t\t\t\t\t\t\t\t<img decoding=\"async\" src=\"https:\/\/www.thecutbarcelona.com\/wp-content\/uploads\/elementor\/thumbs\/Foto-2-3-21-16-08-52-scaled-nfa5ha4oal69p3mp6m4b1mm6f2mxjpcgis36om5f98.jpg\" title=\"La communaut\u00e9 CUT - F5\" alt=\"La communaut\u00e9 CUT - F5\" loading=\"lazy\" \/>\t\t\t\t\t\t\t\t\t\t\t\t\t\t\t<\/div>\n\t\t\t\t<\/div>\n\t\t\t\t\t<\/div>\n\t\t<\/div>\n\t\t\t\t<div class=\"elementor-column elementor-col-50 elementor-inner-column elementor-element elementor-element-27ae496d\" data-id=\"27ae496d\" data-element_type=\"column\" data-e-type=\"column\">\n\t\t\t<div class=\"elementor-widget-wrap elementor-element-populated\">\n\t\t\t\t\t\t<div class=\"elementor-element elementor-element-4505a1dc elementor-widget elementor-widget-button\" data-id=\"4505a1dc\" data-element_type=\"widget\" data-e-type=\"widget\" data-widget_type=\"button.default\">\n\t\t\t\t<div class=\"elementor-widget-container\">\n\t\t\t\t\t\t\t\t\t<div class=\"elementor-button-wrapper\">\n\t\t\t\t\t<a class=\"elementor-button elementor-button-link elementor-size-sm\" href=\"https:\/\/www.thecutbarcelona.com\/fr\/comment-devenir-membre-de-la-coupe\/\">\n\t\t\t\t\t\t<span class=\"elementor-button-content-wrapper\">\n\t\t\t\t\t\t<span class=\"elementor-button-icon\">\n\t\t\t\t<i aria-hidden=\"true\" class=\"fas fa-arrow-right\"><\/i>\t\t\t<\/span>\n\t\t\t\t\t\t\t\t\t<span class=\"elementor-button-text\">Plus d'informations<\/span>\n\t\t\t\t\t<\/span>\n\t\t\t\t\t<\/a>\n\t\t\t\t<\/div>\n\t\t\t\t\t\t\t\t<\/div>\n\t\t\t\t<\/div>\n\t\t\t\t\t<\/div>\n\t\t<\/div>\n\t\t\t\t\t<\/div>\n\t\t<\/section>\n\t\t\t\t\t<\/div>\n\t\t<\/div>\n\t\t\t\t\t<\/div>\n\t\t<\/div>\n\t\t\t\t<\/div>","protected":false},"excerpt":{"rendered":"<p>\u00bfPor qu\u00e9 elegir The Cut Barcelona? Ubicado en el coraz\u00f3n de Barcelona, en el din\u00e1mico barrio de Sant Antoni, The Cut Barcelona es mucho m\u00e1s que un club cann\u00e1bico: es un espacio social seguro, relajado y con buen rollo, pensado para quienes buscan desconectar del ritmo acelerado de la ciudad. Nacemos con el prop\u00f3sito de [&hellip;]<\/p>\n","protected":false},"author":4,"featured_media":0,"parent":0,"menu_order":0,"comment_status":"closed","ping_status":"closed","template":"","meta":{"_joinchat":[],"footnotes":""},"class_list":["post-8876","page","type-page","status-publish","hentry"],"_links":{"self":[{"href":"https:\/\/www.thecutbarcelona.com\/fr\/wp-json\/wp\/v2\/pages\/8876","targetHints":{"allow":["GET"]}}],"collection":[{"href":"https:\/\/www.thecutbarcelona.com\/fr\/wp-json\/wp\/v2\/pages"}],"about":[{"href":"https:\/\/www.thecutbarcelona.com\/fr\/wp-json\/wp\/v2\/types\/page"}],"author":[{"embeddable":true,"href":"https:\/\/www.thecutbarcelona.com\/fr\/wp-json\/wp\/v2\/users\/4"}],"replies":[{"embeddable":true,"href":"https:\/\/www.thecutbarcelona.com\/fr\/wp-json\/wp\/v2\/comments?post=8876"}],"version-history":[{"count":6,"href":"https:\/\/www.thecutbarcelona.com\/fr\/wp-json\/wp\/v2\/pages\/8876\/revisions"}],"predecessor-version":[{"id":22476,"href":"https:\/\/www.thecutbarcelona.com\/fr\/wp-json\/wp\/v2\/pages\/8876\/revisions\/22476"}],"wp:attachment":[{"href":"https:\/\/www.thecutbarcelona.com\/fr\/wp-json\/wp\/v2\/media?parent=8876"}],"curies":[{"name":"wp","href":"https:\/\/api.w.org\/{rel}","templated":true}]}}