{"id":1654,"date":"2022-03-23T07:07:02","date_gmt":"2022-03-23T07:07:02","guid":{"rendered":"https:\/\/themeim.com\/wp\/sword\/?page_id=1654"},"modified":"2025-11-23T12:53:08","modified_gmt":"2025-11-23T11:53:08","slug":"mitglied-werden","status":"publish","type":"page","link":"https:\/\/www.thecutbarcelona.com\/de\/hazte-miembro\/","title":{"rendered":"Mitglied werden"},"content":{"rendered":"\t\t<div data-elementor-type=\"wp-page\" data-elementor-id=\"1654\" class=\"elementor elementor-1654\" data-elementor-post-type=\"page\">\n\t\t\t\t\t\t<div class=\"elementor-section elementor-top-section elementor-element elementor-element-f59a46d elementor-section-stretched elementor-section-boxed elementor-section-height-default elementor-section-height-default\" data-id=\"f59a46d\" data-element_type=\"section\" data-e-type=\"section\" data-settings=\"{&quot;stretch_section&quot;:&quot;section-stretched&quot;,&quot;background_background&quot;:&quot;classic&quot;}\">\n\t\t\t\t\t\t<div class=\"elementor-container elementor-column-gap-default\">\n\t\t\t\t\t<div class=\"elementor-column elementor-col-100 elementor-top-column elementor-element elementor-element-f8b28cc\" data-id=\"f8b28cc\" data-element_type=\"column\" data-e-type=\"column\" data-settings=\"{&quot;background_background&quot;:&quot;classic&quot;}\">\n\t\t\t<div class=\"elementor-widget-wrap elementor-element-populated\">\n\t\t\t\t\t\t<section class=\"elementor-section elementor-inner-section elementor-element elementor-element-f9a4e7e elementor-section-boxed elementor-section-height-default elementor-section-height-default\" data-id=\"f9a4e7e\" data-element_type=\"section\" data-e-type=\"section\">\n\t\t\t\t\t\t<div class=\"elementor-container elementor-column-gap-default\">\n\t\t\t\t\t<div class=\"elementor-column elementor-col-33 elementor-inner-column elementor-element elementor-element-801a6cd\" data-id=\"801a6cd\" data-element_type=\"column\" data-e-type=\"column\">\n\t\t\t<div class=\"elementor-widget-wrap\">\n\t\t\t\t\t\t\t<\/div>\n\t\t<\/div>\n\t\t\t\t<div class=\"elementor-column elementor-col-33 elementor-inner-column elementor-element elementor-element-21e6604\" data-id=\"21e6604\" data-element_type=\"column\" data-e-type=\"column\">\n\t\t\t<div class=\"elementor-widget-wrap elementor-element-populated\">\n\t\t\t\t\t\t<div class=\"elementor-element elementor-element-cce4b57 elementor-widget elementor-widget-heading\" data-id=\"cce4b57\" data-element_type=\"widget\" data-e-type=\"widget\" data-widget_type=\"heading.default\">\n\t\t\t\t<div class=\"elementor-widget-container\">\n\t\t\t\t\t<h1 class=\"elementor-heading-title elementor-size-default\">Hazte miembro\n<\/h1>\t\t\t\t<\/div>\n\t\t\t\t<\/div>\n\t\t\t\t\t<\/div>\n\t\t<\/div>\n\t\t\t\t<div class=\"elementor-column elementor-col-33 elementor-inner-column elementor-element elementor-element-ee6cfbe\" data-id=\"ee6cfbe\" data-element_type=\"column\" data-e-type=\"column\">\n\t\t\t<div class=\"elementor-widget-wrap\">\n\t\t\t\t\t\t\t<\/div>\n\t\t<\/div>\n\t\t\t\t\t<\/div>\n\t\t<\/section>\n\t\t\t\t<section class=\"elementor-section elementor-inner-section elementor-element elementor-element-e0f7f46 elementor-section-boxed elementor-section-height-default elementor-section-height-default\" data-id=\"e0f7f46\" data-element_type=\"section\" data-e-type=\"section\">\n\t\t\t\t\t\t<div class=\"elementor-container elementor-column-gap-default\">\n\t\t\t\t\t<div class=\"elementor-column elementor-col-100 elementor-inner-column elementor-element elementor-element-c70e052\" data-id=\"c70e052\" data-element_type=\"column\" data-e-type=\"column\">\n\t\t\t<div class=\"elementor-widget-wrap elementor-element-populated\">\n\t\t\t\t\t\t<div class=\"elementor-element elementor-element-ac67e8d elementor-widget elementor-widget-text-editor\" data-id=\"ac67e8d\" data-element_type=\"widget\" data-e-type=\"widget\" data-widget_type=\"text-editor.default\">\n\t\t\t\t<div class=\"elementor-widget-container\">\n\t\t\t\t\t\t\t\t\t<p>Rellena el formulario y te enviaremos la invitaci\u00f3n de bienvenida. Recuerda que para acceder tienes que ser miembro previamente y cumplir con nuestras pol\u00edticas de acceso.<\/p>\t\t\t\t\t\t\t\t<\/div>\n\t\t\t\t<\/div>\n\t\t\t\t<div class=\"elementor-element elementor-element-42a0ddf elementor-widget elementor-widget-shortcode\" data-id=\"42a0ddf\" data-element_type=\"widget\" data-e-type=\"widget\" data-widget_type=\"shortcode.default\">\n\t\t\t\t<div class=\"elementor-widget-container\">\n\t\t\t\t\t\t\t<div class=\"elementor-shortcode\">\n<div class=\"wpcf7 no-js\" id=\"wpcf7-f2518-o1\" lang=\"en-US\" dir=\"ltr\" data-wpcf7-id=\"2518\">\n<div class=\"screen-reader-response\"><p role=\"status\" aria-live=\"polite\" aria-atomic=\"true\"><\/p> <ul><\/ul><\/div>\n<form action=\"\/de\/wp-json\/wp\/v2\/pages\/1654#wpcf7-f2518-o1\" method=\"post\" class=\"wpcf7-form init\" aria-label=\"Contact form\" novalidate=\"novalidate\" data-status=\"init\">\n<fieldset class=\"hidden-fields-container\"><input type=\"hidden\" name=\"_wpcf7\" value=\"2518\" \/><input type=\"hidden\" name=\"_wpcf7_version\" value=\"6.1.5\" \/><input type=\"hidden\" name=\"_wpcf7_locale\" value=\"en_US\" \/><input type=\"hidden\" name=\"_wpcf7_unit_tag\" value=\"wpcf7-f2518-o1\" \/><input type=\"hidden\" name=\"_wpcf7_container_post\" value=\"0\" \/><input type=\"hidden\" name=\"_wpcf7_posted_data_hash\" value=\"\" \/><input type=\"hidden\" name=\"_wpcf7_recaptcha_response\" value=\"\" \/>\n<\/fieldset>\n<link rel=\"stylesheet\" href=\"https:\/\/cdn.jsdelivr.net\/npm\/flatpickr\/dist\/flatpickr.min.css\">\n\n<!-- Flatpickr JS -->\n<script src=\"https:\/\/cdn.jsdelivr.net\/npm\/flatpickr\"><\/script>\n<script>\ndocument.addEventListener(\"DOMContentLoaded\", function () {\n    flatpickr(\"input[name='fecha-evento']\", {\n        mode: \"range\",\n        dateFormat: \"d\/m\/Y\",\n        minDate: \"today\",\n        locale: {\n            rangeSeparator: \" - \"\n        }\n    });\n});\n\n\n<\/script>\n\n\n<div class=\"account-widget-form\">\n    <div class=\"row mb-20-none\">\n        <div class=\"col-xl-6 col-lg-6 form-group\">\n            <label>\u00bfCu\u00e1l es tu nombre?<\/label>\n            <span class=\"wpcf7-form-control-wrap\" data-name=\"nombrefield-442\">\n                <input size=\"40\" maxlength=\"400\" class=\"wpcf7-form-control wpcf7-text wpcf7-validates-as-required form--control\" \n                    aria-required=\"true\" aria-invalid=\"false\" placeholder=\"Inserta tu nombre*\" value=\"\" type=\"text\" \n                    name=\"nombrefield-442\">\n            <\/span>\n        <\/div>\n        <div class=\"col-xl-6 col-lg-6 form-group\">\n            <label>Email<\/label>\n            <span class=\"wpcf7-form-control-wrap\" data-name=\"email-709\">\n                <input size=\"40\" maxlength=\"400\" class=\"wpcf7-form-control wpcf7-email wpcf7-validates-as-required wpcf7-text wpcf7-validates-as-email form--control\" \n                    aria-required=\"true\" aria-invalid=\"false\" placeholder=\"ejemplo@gmail.com*\" value=\"\" type=\"email\" \n                    name=\"email-709\">\n            <\/span>\n        <\/div>\n        <!-- <div class=\"col-xl-12 form-group\">\n            <label>\u00bfCu\u00e1ndo visitar\u00e1s el club?<\/label>\n            <span class=\"wpcf7-form-control-wrap\" data-name=\"fecha-evento\">\n                <input class=\"wpcf7-form-control wpcf7-date wpcf7-validates-as-required wpcf7-validates-as-date form--control\" \n                    aria-required=\"true\" aria-invalid=\"false\" value=\"\" type=\"date\" name=\"fecha-evento\">\n            <\/span>\n        <\/div> -->\n         <div class=\"col-xl-12 form-group\">\n    <label for=\"fecha-evento\">\u00bfQu\u00e9 d\u00edas vendr\u00e1s a Barcelona?<\/label>\n    <span class=\"wpcf7-form-control-wrap\" data-name=\"fecha-evento\">\n        <input class=\"wpcf7-form-control form--control\" type=\"text\" name=\"fecha-evento\" placeholder=\"Selecciona fechas\">\n    <\/span>\n<\/div>\n        <div class=\"col-xl-12 form-group\">\n            <label>\u00bfAceptas nuestras pol\u00edticas de conducta de socios, normas de acceso y pol\u00edtica de privacidad?<\/label>\n            <div class=\"account-widget-select\">\n                <span class=\"wpcf7-form-control-wrap\" data-name=\"aceptanormas-188\">\n                    <select class=\"wpcf7-form-control wpcf7-select wpcf7-validates-as-required form--control\" \n                        aria-required=\"true\" aria-invalid=\"false\" name=\"aceptanormas-188\">\n                        <option value=\"\">-Por favor, elija una opci\u00f3n-<\/option>\n                        <option value=\"S\u00cd\">S\u00cd<\/option>\n                        <option value=\"NO\">NO<\/option>\n                    <\/select>\n                <\/span>\n            <\/div>\n        <\/div>\n        <div class=\"w-100 d-flex justify-content-center mt-2\">\n            <button type=\"submit\" class=\"wpcf7-submit btn--base\">Enviar Datos<i class=\"fas fa-arrow-right ml-2\"><\/i><\/button>\n        <\/div>\n    <\/div>\n<\/div><p style=\"display: none !important;\" class=\"akismet-fields-container\" data-prefix=\"_wpcf7_ak_\"><label>&#916;<textarea name=\"_wpcf7_ak_hp_textarea\" cols=\"45\" rows=\"8\" maxlength=\"100\"><\/textarea><\/label><input type=\"hidden\" id=\"ak_js_1\" name=\"_wpcf7_ak_js\" value=\"195\"\/><script>\ndocument.getElementById( \"ak_js_1\" ).setAttribute( \"value\", ( new Date() ).getTime() );\n<\/script>\n<\/p><div class=\"wpcf7-response-output\" aria-hidden=\"true\"><\/div>\n<\/form>\n<\/div>\n<\/div>\n\t\t\t\t\t\t<\/div>\n\t\t\t\t<\/div>\n\t\t\t\t\t<\/div>\n\t\t<\/div>\n\t\t\t\t\t<\/div>\n\t\t<\/section>\n\t\t\t\t\t<\/div>\n\t\t<\/div>\n\t\t\t\t\t<\/div>\n\t\t<\/div>\n\t\t\t\t<\/div>\n\t\t","protected":false},"excerpt":{"rendered":"<p>Hazte miembro Rellena el formulario y te enviaremos la invitaci\u00f3n de bienvenida. Recuerda que para acceder tienes que ser miembro previamente y cumplir con nuestras pol\u00edticas de acceso.<\/p>","protected":false},"author":4,"featured_media":118,"parent":0,"menu_order":0,"comment_status":"closed","ping_status":"closed","template":"","meta":{"_joinchat":[],"footnotes":""},"class_list":["post-1654","page","type-page","status-publish","has-post-thumbnail","hentry"],"_links":{"self":[{"href":"https:\/\/www.thecutbarcelona.com\/de\/wp-json\/wp\/v2\/pages\/1654","targetHints":{"allow":["GET"]}}],"collection":[{"href":"https:\/\/www.thecutbarcelona.com\/de\/wp-json\/wp\/v2\/pages"}],"about":[{"href":"https:\/\/www.thecutbarcelona.com\/de\/wp-json\/wp\/v2\/types\/page"}],"author":[{"embeddable":true,"href":"https:\/\/www.thecutbarcelona.com\/de\/wp-json\/wp\/v2\/users\/4"}],"replies":[{"embeddable":true,"href":"https:\/\/www.thecutbarcelona.com\/de\/wp-json\/wp\/v2\/comments?post=1654"}],"version-history":[{"count":15,"href":"https:\/\/www.thecutbarcelona.com\/de\/wp-json\/wp\/v2\/pages\/1654\/revisions"}],"predecessor-version":[{"id":22515,"href":"https:\/\/www.thecutbarcelona.com\/de\/wp-json\/wp\/v2\/pages\/1654\/revisions\/22515"}],"wp:featuredmedia":[{"embeddable":true,"href":"https:\/\/www.thecutbarcelona.com\/de\/wp-json\/wp\/v2\/media\/118"}],"wp:attachment":[{"href":"https:\/\/www.thecutbarcelona.com\/de\/wp-json\/wp\/v2\/media?parent=1654"}],"curies":[{"name":"wp","href":"https:\/\/api.w.org\/{rel}","templated":true}]}}